{"id":176,"date":"2022-12-22T16:28:52","date_gmt":"2022-12-22T16:28:52","guid":{"rendered":"https:\/\/skincareoptions.com.br\/?page_id=176"},"modified":"2022-12-22T16:30:25","modified_gmt":"2022-12-22T16:30:25","slug":"politica-de-envio","status":"publish","type":"page","link":"https:\/\/skincareoptions.com.br\/?page_id=176","title":{"rendered":"Pol\u00edtica de Envio"},"content":{"rendered":"\t\t<div data-elementor-type=\"wp-page\" data-elementor-id=\"176\" class=\"elementor elementor-176\">\n\t\t\t\t\t\t\t\t\t<section class=\"elementor-section elementor-top-section elementor-element elementor-element-08ad80d elementor-section-boxed elementor-section-height-default elementor-section-height-default\" data-id=\"08ad80d\" data-element_type=\"section\">\n\t\t\t\t\t\t<div class=\"elementor-container elementor-column-gap-default\">\n\t\t\t\t\t<div class=\"elementor-column elementor-col-100 elementor-top-column elementor-element elementor-element-f358148\" data-id=\"f358148\" data-element_type=\"column\">\n\t\t\t<div class=\"elementor-widget-wrap elementor-element-populated\">\n\t\t\t\t\t\t\t\t<div class=\"elementor-element elementor-element-3f1d6b6 elementor-widget elementor-widget-text-editor\" data-id=\"3f1d6b6\" data-element_type=\"widget\" data-widget_type=\"text-editor.default\">\n\t\t\t\t<div class=\"elementor-widget-container\">\n\t\t\t<style>\/*! elementor - v3.14.0 - 26-06-2023 *\/\n.elementor-widget-text-editor.elementor-drop-cap-view-stacked .elementor-drop-cap{background-color:#69727d;color:#fff}.elementor-widget-text-editor.elementor-drop-cap-view-framed .elementor-drop-cap{color:#69727d;border:3px solid;background-color:transparent}.elementor-widget-text-editor:not(.elementor-drop-cap-view-default) .elementor-drop-cap{margin-top:8px}.elementor-widget-text-editor:not(.elementor-drop-cap-view-default) .elementor-drop-cap-letter{width:1em;height:1em}.elementor-widget-text-editor .elementor-drop-cap{float:left;text-align:center;line-height:1;font-size:50px}.elementor-widget-text-editor .elementor-drop-cap-letter{display:inline-block}<\/style>\t\t\t\t<h2>Pol\u00edtica de Envio e Prazo<\/h2>\nA estimativa do prazo de entrega para o Frete Gr\u00e1tis (Correios PAC) \u00e9 de at\u00e9 19 dias podendo ser entregue bem antes do prazo e para o Frete Express (Correios SEDEX) \u00e9 de 3\u00a0\u00e0 12 dias, ambos voc\u00ea escolhe no ato da compra quando colocar o CEP na p\u00e1gina do checkout no campo \u201cEscolha uma forma de entrega\u201d. E o c\u00f3digo de rastreio \u00e9 enviado imediatamente ap\u00f3s a postagem no e-mail informado pelo cliente. O prazo de postagem dos pedidos \u00e9 de at\u00e9 48 horas ut\u00e9is. Em qualquer circunst\u00e2ncia, o prazo de entrega come\u00e7a a valer somente ap\u00f3s a postagem de seu pedido e contados em dias \u00fateis at\u00e9 a sa\u00edda para entrega. Tentativas extras de entrega n\u00e3o \u00e9 contabilizado como prazo de entrega. <br>\n<br>\nRegi\u00f5es atendidas: A<strong>\u00a0Skincare Options<\/strong>\u00a0realiza entregas em todo territ\u00f3rio nacional (Brasil) atrav\u00e9s dos Correios.\n\n&nbsp;\t\t\t\t\t\t<\/div>\n\t\t\t\t<\/div>\n\t\t\t\t\t<\/div>\n\t\t<\/div>\n\t\t\t\t\t\t\t<\/div>\n\t\t<\/section>\n\t\t\t\t\t\t\t<\/div>\n\t\t","protected":false},"excerpt":{"rendered":"<p>Pol\u00edtica de Envio e Prazo A estimativa do prazo de entrega para o Frete Gr\u00e1tis (Correios PAC) \u00e9 de at\u00e9 19 dias podendo ser entregue bem antes do prazo e para o Frete Express (Correios SEDEX) \u00e9 de 3\u00a0\u00e0 12 dias, ambos voc\u00ea escolhe no ato da compra quando colocar o CEP na p\u00e1gina do [&hellip;]<\/p>\n","protected":false},"author":1,"featured_media":0,"parent":0,"menu_order":0,"comment_status":"closed","ping_status":"closed","template":"elementor_canvas","meta":{"footnotes":""},"_links":{"self":[{"href":"https:\/\/skincareoptions.com.br\/index.php?rest_route=\/wp\/v2\/pages\/176"}],"collection":[{"href":"https:\/\/skincareoptions.com.br\/index.php?rest_route=\/wp\/v2\/pages"}],"about":[{"href":"https:\/\/skincareoptions.com.br\/index.php?rest_route=\/wp\/v2\/types\/page"}],"author":[{"embeddable":true,"href":"https:\/\/skincareoptions.com.br\/index.php?rest_route=\/wp\/v2\/users\/1"}],"replies":[{"embeddable":true,"href":"https:\/\/skincareoptions.com.br\/index.php?rest_route=%2Fwp%2Fv2%2Fcomments&post=176"}],"version-history":[{"count":4,"href":"https:\/\/skincareoptions.com.br\/index.php?rest_route=\/wp\/v2\/pages\/176\/revisions"}],"predecessor-version":[{"id":181,"href":"https:\/\/skincareoptions.com.br\/index.php?rest_route=\/wp\/v2\/pages\/176\/revisions\/181"}],"wp:attachment":[{"href":"https:\/\/skincareoptions.com.br\/index.php?rest_route=%2Fwp%2Fv2%2Fmedia&parent=176"}],"curies":[{"name":"wp","href":"https:\/\/api.w.org\/{rel}","templated":true}]}}